{"id":7087,"date":"2025-05-02T14:00:21","date_gmt":"2025-05-02T14:00:21","guid":{"rendered":"https:\/\/morphocostarica.com\/?page_id=7087"},"modified":"2025-06-02T13:04:58","modified_gmt":"2025-06-02T13:04:58","slug":"pongase-en-contacto-con","status":"publish","type":"page","link":"https:\/\/morphocostarica.com\/es\/contact\/","title":{"rendered":"P\u00f3ngase en contacto con"},"content":{"rendered":"<div>\n<div class=\"forminator-ui forminator-custom-form forminator-custom-form-4991 forminator-design--default  forminator_ajax\" data-forminator-render=\"0\" data-form=\"forminator-module-4991\" data-uid=\"69f656af04e42\"><br\/><\/div><form\n\t\t\t\tid=\"forminator-module-4991\"\n\t\t\t\tclass=\"forminator-ui forminator-custom-form forminator-custom-form-4991 forminator-design--default  forminator_ajax\"\n\t\t\t\tmethod=\"post\"\n\t\t\t\tdata-forminator-render=\"0\"\n\t\t\t\tdata-form-id=\"4991\"\n\t\t\t\t data-color-option=\"theme\" data-design=\"default\" data-grid=\"open\" style=\"display: none;\"\n\t\t\t\tdata-uid=\"69f656af04e42\"\n\t\t\t><div role=\"alert\" aria-live=\"polite\" class=\"forminator-response-message forminator-error\" aria-hidden=\"true\"><\/div><div class=\"forminator-row\"><div id=\"html-2\" class=\"forminator-field-html forminator-col forminator-col-12  h3, .forminator-ui h3 { font-size: 24px; font-weight: 600; margin-bottom: 25px; color: #007d9c; }\"><div class=\"forminator-field forminator-merge-tags\" data-field=\"html-2\"><div class=\"form-intro\">\n<h2>Imaginez votre voyage, on vous accompagne.<\/h2>\n<p>D\u00e9crivez votre projet \u00e0 l\u2019aide du formulaire ci-dessous,<br>un conseiller vous contactera rapidement pour en discuter.<\/p>\n<\/div><\/div><\/div><\/div><div class=\"forminator-row\"><div id=\"html-1\" class=\"forminator-field-html forminator-col forminator-col-12  \/* Style g\u00e9n\u00e9ral du formulaire *\/ .forminator-custom-form { max-width: 600px; margin: 0 auto; padding: 20px; background-color: #f8f8f8; border: 1px solid #ddd; border-radius: 10px; box-shadow: 0 4px 8px rgba(0, 0, 0, 0.1); } \/* Style des champs de saisie *\/ .forminator-custom-form .forminator-input, .forminator-custom-form .forminator-textarea { width: 100%; padding: 10px; margin: 10px 0; font-size: 16px; border: 1px solid #ccc; border-radius: 5px; box-sizing: border-box; transition: all 0.3s ease; } .forminator-custom-form .forminator-input:focus, .forminator-custom-form .forminator-textarea:focus { border-color: #0b234a; box-shadow: 0 0 5px rgba(11, 35, 74, 0.5); outline: none; } \/* Style des labels *\/ .forminator-custom-form label { font-weight: bold; margin-bottom: 5px; display: block; color: #333; } \/* Style du bouton *\/ .forminator-custom-form .forminator-button { display: inline-block; padding: 10px 20px; font-size: 16px; color: #fff; background-color: #0b234a; border: none; border-radius: 5px; cursor: pointer; transition: background-color 0.3s ease; } .forminator-custom-form .forminator-button:hover { background-color: #084080; } \/* Style des messages d&#039;erreur *\/ .forminator-custom-form .forminator-error-message { color: #d9534f; font-size: 14px; margin-top: 5px; } \/* Style des messages de succ\u00e8s *\/ .forminator-custom-form .forminator-success-message { color: #5cb85c; font-size: 16px; font-weight: bold; margin-top: 10px; text-align: center; }\"><div class=\"forminator-field forminator-merge-tags\" data-field=\"html-1\"><p><strong>info@morphocostarica.com<\/strong><\/p>\n<p>T\u00e9l France: 00 33 (0) 7 69 10 77 04<\/p><\/div><\/div><\/div><div class=\"forminator-row\"><div id=\"name-1\" class=\"forminator-field-name forminator-col forminator-col-6 \"><div class=\"forminator-field\"><label for=\"forminator-field-name-1_69f656af04e42\" id=\"forminator-field-name-1_69f656af04e42-label\" class=\"forminator-label\">Nom<\/label><input type=\"text\" name=\"name-1\" value=\"\" placeholder=\"Par exemple\u00a0: Jacques Martin\" id=\"forminator-field-name-1_69f656af04e42\" class=\"forminator-input forminator-name--field\" aria-required=\"false\" autocomplete=\"name\" \/><\/div><\/div><div id=\"email-1\" class=\"forminator-field-email forminator-col forminator-col-6  .forminator-label { display: block; font-weight: 500; margin-bottom: 8px; color: #2c3e50; }\"><div class=\"forminator-field\"><label for=\"forminator-field-email-1_69f656af04e42\" id=\"forminator-field-email-1_69f656af04e42-label\" class=\"forminator-label\">Email<\/label><input type=\"email\" name=\"email-1\" value=\"\" placeholder=\"Par exemple\u00a0: jacques@martin.com\" id=\"forminator-field-email-1_69f656af04e42\" class=\"forminator-input forminator-email--field\" data-required=\"\" aria-required=\"false\" autocomplete=\"email\" \/><\/div><\/div><\/div><div class=\"forminator-row\"><div id=\"phone-1\" class=\"forminator-field-phone forminator-col forminator-col-12  .forminator-label { display: block; font-weight: 500; margin-bottom: 8px; color: #2c3e50; }\"><div class=\"forminator-field\"><label for=\"forminator-field-phone-1_69f656af04e42\" id=\"forminator-field-phone-1_69f656af04e42-label\" class=\"forminator-label\">T\u00e9l\u00e9phone<\/label><input type=\"text\" name=\"phone-1\" value=\"\" placeholder=\"Par exemple\u00a0: +1 02 03 05 06\" id=\"forminator-field-phone-1_69f656af04e42\" class=\"forminator-input forminator-field--phone\" data-required=\"\" aria-required=\"false\" autocomplete=\"off\" \/><\/div><\/div><\/div><div class=\"forminator-row\"><div id=\"textarea-1\" class=\"forminator-field-textarea forminator-col forminator-col-12  .forminator-label { display: block; font-weight: 500; margin-bottom: 8px; color: #2c3e50; }\"><div class=\"forminator-field\"><label for=\"forminator-field-textarea-1_69f656af04e42\" id=\"forminator-field-textarea-1_69f656af04e42-label\" class=\"forminator-label\">Votre message pour notre \u00e9quipe<\/label><textarea name=\"textarea-1\" placeholder=\"Nous aimons avoir un maximum de d\u00e9tails...\" id=\"forminator-field-textarea-1_69f656af04e42\" class=\"forminator-textarea\" rows=\"6\" style=\"min-height:140px;\" ><\/textarea><\/div><\/div><\/div><input type=\"hidden\" name=\"referer_url\" value=\"\" \/><div class=\"forminator-row forminator-row-last\"><div class=\"forminator-col\"><div class=\"forminator-field\"><button class=\"forminator-button forminator-button-submit\">Envoyer le message<\/button><\/div><\/div><\/div><input type=\"hidden\" id=\"forminator_nonce\" name=\"forminator_nonce\" value=\"436efafce9\" \/><input type=\"hidden\" name=\"_wp_http_referer\" value=\"\/es\/wp-json\/wp\/v2\/pages\/7087\" \/><input type=\"hidden\" name=\"form_id\" value=\"4991\"><input type=\"hidden\" name=\"page_id\" value=\"7087\"><input type=\"hidden\" name=\"form_type\" value=\"default\"><input type=\"hidden\" name=\"current_url\" value=\"https:\/\/morphocostarica.com\/es\/contact\/\"><input type=\"hidden\" name=\"render_id\" value=\"0\"><input type=\"hidden\" name=\"action\" value=\"forminator_submit_form_custom-forms\"><\/form><\/div>\n<p><img decoding=\"async\" src=\"\/wp-content\/uploads\/photo-1582218290380-ae58573670e3-scaled.jpg\" alt=\"\"><\/p>\n<h1>Vous \u00eates un professionnel du voyage?<\/h1>\n<div>\n<p>        <img decoding=\"async\" src=\"\/wp-content\/uploads\/2025\/03\/region-du-costa-rica-scaled.jpg\" alt=\"\"><\/p>\n<h3>Retrouvez notre kit agences pour mieux nous connaitre<\/h3>\n<p>Mieux nous connaitre<\/p>\n<div>La confiance est la cl\u00e9 de tout partenariat r\u00e9ussi.<br \/>\nChez Morpho Evasions, nous vous offrons expertise, transparence et engagement sur le terrain. Contactez-nous d\u00e8s aujourd\u2019hui pour poser ensemble les bases d\u2019une collaboration durable et sereine.<\/div>\n<p><a href=\"\/kit-agences-costa-rica\/\">Kit Agences<\/a><\/p>\n<\/div>\n<p><!--more--><br \/>\n<!-- {\"type\":\"layout\",\"children\":[{\"type\":\"section\",\"props\":{\"image_position\":\"center-center\",\"style\":\"default\",\"title_breakpoint\":\"xl\",\"title_position\":\"top-left\",\"title_rotation\":\"left\",\"vertical_align\":\"middle\",\"width\":\"default\"},\"children\":[{\"type\":\"row\",\"props\":{\"layout\":\"2-3,1-3\"},\"children\":[{\"type\":\"column\",\"props\":{\"image_position\":\"center-center\",\"position_sticky_breakpoint\":\"m\",\"width_medium\":\"2-3\"},\"children\":[{\"type\":\"html\",\"props\":{\"content\":\"[forminator_form id=\\\"4991\\\"]\",\"css\":\"input, textarea {\\n  border: 1px solid #ccc;\\n  border-radius: 12px;\\n  padding: 12px;\\n  font-size: 1rem;\\n  width: 100%;\\n  box-sizing: border-box;\\n}\\ninput:focus, textarea:focus {\\n  outline: none;\\n  box-shadow: 0 0 0 2px #00A8A8;\\n}\\nbutton {\\n  background-color: #00A8A8;\\n  color: white;\\n  border: none;\\n  border-radius: 12px;\\n  padding: 14px 24px;\\n  font-size: 1.1rem;\\n  cursor: pointer;\\n}\\nbutton:hover {\\n  background-color: #008c8c;\\n}\\n\"}}]},{\"type\":\"column\",\"props\":{\"image_position\":\"center-center\",\"position_sticky_breakpoint\":\"m\",\"width_medium\":\"1-3\"},\"children\":[{\"type\":\"image\",\"props\":{\"image\":\"wp-content\\\/uploads\\\/photo-1582218290380-ae58573670e3-scaled.jpg\",\"image_svg_color\":\"emphasis\",\"margin\":\"default\"}}]}]}]},{\"type\":\"section\",\"props\":{\"image_position\":\"center-center\",\"style\":\"default\",\"title_breakpoint\":\"xl\",\"title_position\":\"top-left\",\"title_rotation\":\"left\",\"vertical_align\":\"middle\",\"width\":\"default\"},\"children\":[{\"type\":\"row\",\"children\":[{\"type\":\"column\",\"props\":{\"image_position\":\"center-center\",\"position_sticky_breakpoint\":\"m\"},\"children\":[{\"type\":\"headline\",\"props\":{\"content\":\"Vous \\u00eates un professionnel du voyage?\",\"title_element\":\"h1\"}},{\"name\":\"Panel Image Left\",\"type\":\"panel\",\"props\":{\"block_align\":\"center\",\"content\":\"La confiance est la cl\\u00e9 de tout partenariat r\\u00e9ussi.\\nChez Morpho Evasions, nous vous offrons expertise, transparence et engagement sur le terrain. Contactez-nous d\\u00e8s aujourd\\u2019hui pour poser ensemble les bases d\\u2019une collaboration durable et sereine.\",\"content_column_breakpoint\":\"m\",\"content_margin\":\"small\",\"icon_width\":80,\"image\":\"wp-content\\\/uploads\\\/2025\\\/03\\\/region-du-costa-rica-scaled.jpg\",\"image_align\":\"left\",\"image_grid_breakpoint\":\"s\",\"image_grid_width\":\"2-5\",\"image_height\":\"1280\",\"image_svg_color\":\"emphasis\",\"image_vertical_align\":true,\"image_width\":\"960\",\"link\":\"kit-agences-costa-rica\\\/\",\"link_margin\":\"medium\",\"link_style\":\"primary\",\"link_text\":\"Kit Agences\",\"margin\":\"default\",\"meta\":\"Mieux nous connaitre\",\"meta_align\":\"above-title\",\"meta_element\":\"div\",\"meta_margin\":\"small\",\"meta_style\":\"text-meta\",\"panel_expand\":\"image\",\"panel_image_no_padding\":true,\"panel_padding\":\"default\",\"panel_style\":\"card-default\",\"title\":\"Retrouvez notre kit agences pour mieux nous connaitre\",\"title_align\":\"top\",\"title_element\":\"h3\",\"title_grid_breakpoint\":\"m\",\"title_grid_width\":\"1-2\",\"title_hover_style\":\"reset\",\"title_margin\":\"small\"}}]}]}]}],\"version\":\"4.5.15\"} --><\/p>\n","protected":false},"excerpt":{"rendered":"<p>\u00bfEs usted un profesional de los viajes? Descubra m\u00e1s sobre nosotros en nuestro kit de agencia Con\u00f3zcanos mejor La confianza es la clave del \u00e9xito de cualquier colaboraci\u00f3n. En Morpho Evasions, le ofrecemos experiencia, transparencia y compromiso sobre el terreno. P\u00f3ngase en contacto con nosotros hoy mismo para sentar las bases de una colaboraci\u00f3n duradera y sin problemas. Kit para agencias<\/p>","protected":false},"author":1,"featured_media":0,"parent":0,"menu_order":0,"comment_status":"closed","ping_status":"closed","template":"","meta":{"_acf_changed":false,"footnotes":""},"class_list":["post-7087","page","type-page","status-publish","hentry"],"acf":[],"yoast_head":"<!-- This site is optimized with the Yoast SEO plugin v27.2 - https:\/\/yoast.com\/product\/yoast-seo-wordpress\/ -->\n<title>Contact - Morpho Evasions Costa Rica<\/title>\n<meta name=\"robots\" content=\"index, follow, max-snippet:-1, max-image-preview:large, max-video-preview:-1\" \/>\n<link rel=\"canonical\" href=\"https:\/\/morphocostarica.com\/es\/pongase-en-contacto-con\/\" \/>\n<meta property=\"og:locale\" content=\"es_ES\" \/>\n<meta property=\"og:type\" content=\"article\" \/>\n<meta property=\"og:title\" content=\"Contact - Morpho Evasions Costa Rica\" \/>\n<meta property=\"og:description\" content=\"Vous \u00eates un professionnel du voyage? Retrouvez notre kit agences pour mieux nous connaitre Mieux nous connaitre La confiance est la cl\u00e9 de tout partenariat r\u00e9ussi. Chez Morpho Evasions, nous vous offrons expertise, transparence et engagement sur le terrain. Contactez-nous d\u00e8s aujourd\u2019hui pour poser ensemble les bases d\u2019une collaboration durable et sereine. Kit Agences\" \/>\n<meta property=\"og:url\" content=\"https:\/\/morphocostarica.com\/es\/pongase-en-contacto-con\/\" \/>\n<meta property=\"og:site_name\" content=\"Morpho Evasions Costa Rica\" \/>\n<meta property=\"article:publisher\" content=\"https:\/\/www.facebook.com\/morphoevasionscostarica\/\" \/>\n<meta property=\"article:modified_time\" content=\"2025-06-02T13:04:58+00:00\" \/>\n<meta name=\"twitter:card\" content=\"summary_large_image\" \/>\n<meta name=\"twitter:label1\" content=\"Tiempo de lectura\" \/>\n\t<meta name=\"twitter:data1\" content=\"1 minuto\" \/>\n<script type=\"application\/ld+json\" class=\"yoast-schema-graph\">{\"@context\":\"https:\/\/schema.org\",\"@graph\":[{\"@type\":\"WebPage\",\"@id\":\"https:\/\/morphocostarica.com\/es\/contact\/\",\"url\":\"https:\/\/morphocostarica.com\/es\/contact\/\",\"name\":\"Contact - Morpho Evasions Costa Rica\",\"isPartOf\":{\"@id\":\"https:\/\/morphocostarica.com\/es\/#website\"},\"datePublished\":\"2025-05-02T14:00:21+00:00\",\"dateModified\":\"2025-06-02T13:04:58+00:00\",\"breadcrumb\":{\"@id\":\"https:\/\/morphocostarica.com\/es\/contact\/#breadcrumb\"},\"inLanguage\":\"es\",\"potentialAction\":[{\"@type\":\"ReadAction\",\"target\":[\"https:\/\/morphocostarica.com\/es\/contact\/\"]}]},{\"@type\":\"BreadcrumbList\",\"@id\":\"https:\/\/morphocostarica.com\/es\/contact\/#breadcrumb\",\"itemListElement\":[{\"@type\":\"ListItem\",\"position\":1,\"name\":\"Accueil\",\"item\":\"https:\/\/morphocostarica.com\/es\/\"},{\"@type\":\"ListItem\",\"position\":2,\"name\":\"Contact\"}]},{\"@type\":\"WebSite\",\"@id\":\"https:\/\/morphocostarica.com\/es\/#website\",\"url\":\"https:\/\/morphocostarica.com\/es\/\",\"name\":\"Morpho Evasions Costa Rica\",\"description\":\"Les voyages sur mesure durables au Costa Rica avec Morpho Evasions\",\"publisher\":{\"@id\":\"https:\/\/morphocostarica.com\/es\/#organization\"},\"potentialAction\":[{\"@type\":\"SearchAction\",\"target\":{\"@type\":\"EntryPoint\",\"urlTemplate\":\"https:\/\/morphocostarica.com\/es\/?s={search_term_string}\"},\"query-input\":{\"@type\":\"PropertyValueSpecification\",\"valueRequired\":true,\"valueName\":\"search_term_string\"}}],\"inLanguage\":\"es\"},{\"@type\":\"Organization\",\"@id\":\"https:\/\/morphocostarica.com\/es\/#organization\",\"name\":\"Morpho Evasions Costa Rica\",\"url\":\"https:\/\/morphocostarica.com\/es\/\",\"logo\":{\"@type\":\"ImageObject\",\"inLanguage\":\"es\",\"@id\":\"https:\/\/morphocostarica.com\/es\/#\/schema\/logo\/image\/\",\"url\":\"https:\/\/morphocostarica.com\/wp-content\/uploads\/2024\/10\/Logo-Morpho-Evasions.svg\",\"contentUrl\":\"https:\/\/morphocostarica.com\/wp-content\/uploads\/2024\/10\/Logo-Morpho-Evasions.svg\",\"width\":1,\"height\":1,\"caption\":\"Morpho Evasions Costa Rica\"},\"image\":{\"@id\":\"https:\/\/morphocostarica.com\/es\/#\/schema\/logo\/image\/\"},\"sameAs\":[\"https:\/\/www.facebook.com\/morphoevasionscostarica\/\",\"https:\/\/www.instagram.com\/morphoevasions\/\",\"https:\/\/www.youtube.com\/@morphoevasions7945\"]}]}<\/script>\n<!-- \/ Yoast SEO plugin. -->","yoast_head_json":{"title":"Contacto - Morpho Evasions Costa Rica","robots":{"index":"index","follow":"follow","max-snippet":"max-snippet:-1","max-image-preview":"max-image-preview:large","max-video-preview":"max-video-preview:-1"},"canonical":"https:\/\/morphocostarica.com\/es\/pongase-en-contacto-con\/","og_locale":"es_ES","og_type":"article","og_title":"Contact - Morpho Evasions Costa Rica","og_description":"Vous \u00eates un professionnel du voyage? Retrouvez notre kit agences pour mieux nous connaitre Mieux nous connaitre La confiance est la cl\u00e9 de tout partenariat r\u00e9ussi. Chez Morpho Evasions, nous vous offrons expertise, transparence et engagement sur le terrain. Contactez-nous d\u00e8s aujourd\u2019hui pour poser ensemble les bases d\u2019une collaboration durable et sereine. Kit Agences","og_url":"https:\/\/morphocostarica.com\/es\/pongase-en-contacto-con\/","og_site_name":"Morpho Evasions Costa Rica","article_publisher":"https:\/\/www.facebook.com\/morphoevasionscostarica\/","article_modified_time":"2025-06-02T13:04:58+00:00","twitter_card":"summary_large_image","twitter_misc":{"Tiempo de lectura":"1 minuto"},"schema":{"@context":"https:\/\/schema.org","@graph":[{"@type":"WebPage","@id":"https:\/\/morphocostarica.com\/es\/contact\/","url":"https:\/\/morphocostarica.com\/es\/contact\/","name":"Contacto - Morpho Evasions Costa Rica","isPartOf":{"@id":"https:\/\/morphocostarica.com\/es\/#website"},"datePublished":"2025-05-02T14:00:21+00:00","dateModified":"2025-06-02T13:04:58+00:00","breadcrumb":{"@id":"https:\/\/morphocostarica.com\/es\/contact\/#breadcrumb"},"inLanguage":"es","potentialAction":[{"@type":"ReadAction","target":["https:\/\/morphocostarica.com\/es\/contact\/"]}]},{"@type":"BreadcrumbList","@id":"https:\/\/morphocostarica.com\/es\/contact\/#breadcrumb","itemListElement":[{"@type":"ListItem","position":1,"name":"Accueil","item":"https:\/\/morphocostarica.com\/es\/"},{"@type":"ListItem","position":2,"name":"Contact"}]},{"@type":"WebSite","@id":"https:\/\/morphocostarica.com\/es\/#website","url":"https:\/\/morphocostarica.com\/es\/","name":"Morpho Evasions Costa Rica","description":"Viajes sostenibles a medida a Costa Rica con Morpho Evasions","publisher":{"@id":"https:\/\/morphocostarica.com\/es\/#organization"},"potentialAction":[{"@type":"SearchAction","target":{"@type":"EntryPoint","urlTemplate":"https:\/\/morphocostarica.com\/es\/?s={search_term_string}"},"query-input":{"@type":"PropertyValueSpecification","valueRequired":true,"valueName":"search_term_string"}}],"inLanguage":"es"},{"@type":"Organization","@id":"https:\/\/morphocostarica.com\/es\/#organization","name":"Morpho Evasions Costa Rica","url":"https:\/\/morphocostarica.com\/es\/","logo":{"@type":"ImageObject","inLanguage":"es","@id":"https:\/\/morphocostarica.com\/es\/#\/schema\/logo\/image\/","url":"https:\/\/morphocostarica.com\/wp-content\/uploads\/2024\/10\/Logo-Morpho-Evasions.svg","contentUrl":"https:\/\/morphocostarica.com\/wp-content\/uploads\/2024\/10\/Logo-Morpho-Evasions.svg","width":1,"height":1,"caption":"Morpho Evasions Costa Rica"},"image":{"@id":"https:\/\/morphocostarica.com\/es\/#\/schema\/logo\/image\/"},"sameAs":["https:\/\/www.facebook.com\/morphoevasionscostarica\/","https:\/\/www.instagram.com\/morphoevasions\/","https:\/\/www.youtube.com\/@morphoevasions7945"]}]}},"_links":{"self":[{"href":"https:\/\/morphocostarica.com\/es\/wp-json\/wp\/v2\/pages\/7087","targetHints":{"allow":["GET"]}}],"collection":[{"href":"https:\/\/morphocostarica.com\/es\/wp-json\/wp\/v2\/pages"}],"about":[{"href":"https:\/\/morphocostarica.com\/es\/wp-json\/wp\/v2\/types\/page"}],"author":[{"embeddable":true,"href":"https:\/\/morphocostarica.com\/es\/wp-json\/wp\/v2\/users\/1"}],"replies":[{"embeddable":true,"href":"https:\/\/morphocostarica.com\/es\/wp-json\/wp\/v2\/comments?post=7087"}],"version-history":[{"count":7,"href":"https:\/\/morphocostarica.com\/es\/wp-json\/wp\/v2\/pages\/7087\/revisions"}],"predecessor-version":[{"id":7349,"href":"https:\/\/morphocostarica.com\/es\/wp-json\/wp\/v2\/pages\/7087\/revisions\/7349"}],"wp:attachment":[{"href":"https:\/\/morphocostarica.com\/es\/wp-json\/wp\/v2\/media?parent=7087"}],"curies":[{"name":"wp","href":"https:\/\/api.w.org\/{rel}","templated":true}]}}